{"id":2634,"date":"2015-10-05T08:01:52","date_gmt":"2015-10-05T07:01:52","guid":{"rendered":"https:\/\/www.elkarhizkuntzak.eus\/es\/?page_id=2634"},"modified":"2016-02-01T11:43:34","modified_gmt":"2016-02-01T10:43:34","slug":"aviso-legal-y-politica-de-privacidad","status":"publish","type":"page","link":"https:\/\/elkarhizkuntzak.eus\/es\/aviso-legal-y-politica-de-privacidad\/","title":{"rendered":"AVISO LEGAL Y POL\u00cdTICA DE PRIVACIDAD"},"content":{"rendered":"<p><strong>Informaci\u00f3n legal<\/strong><\/p>\n<p>En cumplimiento de la Ley 34\/2002, de 11 de julio, de Servicios de la Sociedad de la Informaci\u00f3n y de Comercio Electr\u00f3nico, le informamos que el dominio de internet <a href=\"https:\/\/elkarhizkuntzak.eus\">www.elkarhizkuntzak.eus<\/a> es titularidad de ELKARLANEAN S.L., con CIF B-20606422, con domicilio en Portuetxe, 88 bis, 20018 Donostia (Gipuzkoa), tel\u00e9fono 943 310 267, correo electr\u00f3nico elkarargitaletxea@elkar.eus, inscrita en el Registro Mercantil de Gipuzkoa, Tomo \u2026\u2026\u2026\u2026. del Libro \u2026\u2026\u2026\u2026., Folio \u2026\u2026\u2026\u2026., Hoja \u2026\u2026\u2026\u2026..<\/p>\n<p><strong>1. Condiciones Generales<\/strong><\/p>\n<p>www.elkarhizkuntzak.eus (en adelante \u201cel sitio web\u201d) es un sitio web titularidad de ELKARLANEAN S.L.. El usuario accede a este sitio web de forma voluntaria. El acceso a este sitio web tiene car\u00e1cter gratuito. La navegaci\u00f3n en este sitio web implica aceptar y conocer las advertencias legales, condiciones y t\u00e9rminos de uso y pol\u00edtica de privacidad contenidos en \u00e9l. Si el usuario no est\u00e1 de acuerdo con estas condiciones de uso y no presta su consentimiento, no podr\u00e1 hacer uso de este sitio web.<\/p>\n<p>El acceso a este sitio web, as\u00ed como el uso que pueda hacerse de la informaci\u00f3n que contiene, son de la exclusiva responsabilidad del usuario. El usuario se compromete a hacer uso del mismo de acuerdo a la finalidad del sitio web.<\/p>\n<p>El usuario no puede hacer un uso il\u00edcito de la informaci\u00f3n contenida en este sitio web, ni llevar a cabo acciones que puedan da\u00f1ar o alterar los sistemas inform\u00e1ticos de este sitio web.<\/p>\n<p>Queda prohibida la inclusi\u00f3n y comunicaci\u00f3n de contenidos, por parte de los usuarios, que sean falsos o inexactos y que induzcan o puedan inducir a error a ELKARLANEAN S.L. o a otros usuarios o terceros. El usuario ser\u00e1 el \u00fanico responsable de los perjuicios que cause mediante la comunicaci\u00f3n de dichos datos.<\/p>\n<p>Queda prohibido el uso de datos personales de terceros sin su consentimiento, as\u00ed como el uso de datos identificativos de terceros con el \u00e1nimo de hacerse pasar por o fingir ser cualquier otra persona o entidad.<\/p>\n<p>ELKARLANEAN S.L. realiza los m\u00e1ximos esfuerzos para evitar errores en los contenidos que se publican en el sitio web, reserv\u00e1ndose la facultad de poder modificarlos en cualquier momento. ELKARLANEAN S.L. declina expresamente cualquier responsabilidad por error u omisi\u00f3n en los contenidos de este sitio web y de los da\u00f1os y perjuicios que puedan deberse a la falta de veracidad, exactitud y actualidad de los mismos.<\/p>\n<p>El sitio web puede ofrecer enlaces a otros sitios web o facilitar su acceso mediante un buscador ubicado en su sitio web. ELKARLANEAN S.L. no asume ninguna responsabilidad en relaci\u00f3n con estos sitios enlazados, ni los resultados de las b\u00fasquedas, ya que no tiene ning\u00fan tipo de control sobre ellos, su contenido, productos y servicios ofrecidos, etc. La finalidad de estos servicios es informar al usuario de otras fuentes de informaci\u00f3n, por lo que el usuario accede bajo su exclusiva responsabilidad al contenido y en las condiciones de uso que rijan en los mismos.<\/p>\n<p>ELKARLANEAN S.L. no se responsabilizar\u00e1 de ninguna consecuencia, da\u00f1o o perjuicio que pudieran derivarse del uso de este sitio web o de sus contenidos, incluidos da\u00f1os inform\u00e1ticos y la introducci\u00f3n de virus o cualquier tipo de malware. ELKARLANEAN S.L. no garantiza la ausencia de virus ni de otros elementos en el sitio web, introducidos por terceros ajenos, que puedan producir alteraciones en los sistemas f\u00edsicos o l\u00f3gicos de los usuarios, pero utiliza todos los medios a su alcance para que esto no suceda.<\/p>\n<p>ELKARLANEAN S.L. se reserva el derecho de modificar o borrar en cualquier momento, sin previo aviso y\/o justificaci\u00f3n, el dise\u00f1o, la configuraci\u00f3n y la informaci\u00f3n contenida en este sitio web, si as\u00ed lo estima oportuno. ELKARLANEAN S.L. no se hace responsable de los perjuicios que estas modificaciones puedan causar. No obstante utilizar\u00e1 los recursos que tenga a su alcance para informar a los usuarios de dichas modificaciones.<\/p>\n<p><strong>2. Registros y suscripciones<\/strong><\/p>\n<p>El acceso a este sitio web no implica la obligaci\u00f3n de facilitar datos personales. No obstante, algunos de los servicios ofrecidos, como por ejemplo la compra online, requieren de un registro previo. Para que el registro sea seguro y el servicio ofrecido sea correcto es necesario que el usuario facilite una serie de datos personales.<\/p>\n<p>El usuario se compromete a aportar datos veraces, exactos y completos, tanto en el momento del registro como en posteriores comunicaciones, y se hace responsable de comunicar cualquier modificaci\u00f3n en los mismos.<\/p>\n<p>La no cumplimentaci\u00f3n de campos indicados como obligatorios, que aparecen en los formularios de registro, podr\u00e1 tener como consecuencia que ELKARLANEAN S.L. no pueda atender la solicitud del usuario.<\/p>\n<p>El uso de este sitio web y el registro o suscripci\u00f3n a los diferentes servicios de ELKARLANEAN S.L. implica la aceptaci\u00f3n de las condiciones generales y pol\u00edtica de privacidad de ELKARLANEAN S.L.. Del mismo modo, implica el consentimiento expreso y la autorizaci\u00f3n a ELKARLANEAN S.L. para el env\u00edo de comunicaciones comerciales, por correo ordinario y\/o medios electr\u00f3nicos sobre productos y servicios de ELKARLANEAN S.L. o de otras empresas con las que tenga acuerdos comerciales. El destinatario de estas comunicaciones podr\u00e1 revocar en cualquier momento este consentimiento notific\u00e1ndolo por escrito a la empresa.<\/p>\n<p><strong>3. Uso de claves de acceso<\/strong><\/p>\n<p>Las claves para el acceso a la zona privada son personales, confidenciales e intransferibles. El usuario registrado se compromete a utilizarlas de forma responsable y no comunic\u00e1rselas a nadie. El usuario registrado no debe comunicar sus claves a ninguna persona que se las solicite por tel\u00e9fono, por correo electr\u00f3nico, a trav\u00e9s de este sitio web o por cualquier otro medio.<\/p>\n<p>ELKARLANEAN S.L. recomienda que el c\u00f3digo de usuario y la contrase\u00f1a sean diferentes y contengan al menos ocho caracteres alfanum\u00e9ricos. El usuario debe memorizar sus claves y no debe guardarlas en ning\u00fan tipo de soporte, f\u00edsico o inform\u00e1tico, al que puedan acceder otras personas. Las claves de acceso deben modificarse peri\u00f3dicamente, al menos una vez al a\u00f1o.<\/p>\n<p>El usuario deber\u00e1 comunicar inmediatamente a ELKARLANEAN S.L. cualquier acceso indebido o no autorizado detectado en relaci\u00f3n con sus claves de acceso.<\/p>\n<p><strong>4. Propiedad intelectual e industrial<\/strong><\/p>\n<p>Los derechos de propiedad de este sitio web, de sus p\u00e1ginas, pantallas, la informaci\u00f3n que contienen, su apariencia y dise\u00f1o, fotograf\u00edas, im\u00e1genes, sus productos y servicios, marcas, logos, lemas, etc. son propiedad de ELKARLANEAN S.L., salvo que se especifique otra cosa.<\/p>\n<p>En ning\u00fan caso el acceso o navegaci\u00f3n en el sitio web implica renuncia, transmisi\u00f3n o licencia total o parcial de ELKARLANEAN S.L. para uso personal al usuario sobre sus derechos de propiedad intelectual e industrial. La reproducci\u00f3n, distribuci\u00f3n, comercializaci\u00f3n o transformaci\u00f3n no autorizadas de estas obras constituye una infracci\u00f3n de los derechos de propiedad intelectual de ELKARLANEAN S.L..<\/p>\n<p>El usuario se compromete a no realizar ninguna acci\u00f3n que perjudique la titularidad de este sitio web. La utilizaci\u00f3n no autorizada de la informaci\u00f3n contenida en este sitio web, as\u00ed como los perjuicios ocasionados en los derechos de propiedad intelectual e industrial de sus titulares, pueden dar lugar al ejercicio de las acciones que legalmente correspondan y, si procede, a las responsabilidades que de dicho ejercicio se deriven.<\/p>\n<p><strong>5. Modificaciones<\/strong><\/p>\n<p>Estas Condiciones podr\u00e1n sufrir modificaciones cuando ELKARLANEAN S.L. lo considere oportuno, bien con la finalidad de adecuarse a los cambios legislativos, bien con el fin de llevar a cabo otro tipo de mejoras. Estas modificaciones ser\u00e1n v\u00e1lidas desde su publicaci\u00f3n en este sitio web. ELKARLANEAN S.L. utilizar\u00e1 los medios a su alcance para dar a conocer a los usuarios del sitio web los cambios realizados.<\/p>\n<p><strong>6. Pol\u00edtica de Privacidad &#8211; Protecci\u00f3n de datos de car\u00e1cter personal<\/strong><\/p>\n<p><strong>6.1. Introducci\u00f3n<\/strong><\/p>\n<p>En cumplimiento con la Ley Org\u00e1nica 15\/1999, de 13 de diciembre, sobre Protecci\u00f3n de Datos de Car\u00e1cter Personal (en adelante \u201cLOPD\u201d) y su normativa de desarrollo, se informa a los usuarios que los datos de car\u00e1cter personal que faciliten a trav\u00e9s de este sitio web ser\u00e1n incorporados a ficheros titularidad de ELKARLANEAN S.L. (Responsable del Fichero), con la finalidad de atender a las consultas y solicitudes recibidas, contactar con el usuario, gestionar los productos y servicios solicitados, las relaciones comerciales y las funciones leg\u00edtimas propias de su actividad.<\/p>\n<p>El tratamiento de sus datos personales se realizar\u00e1 de manera confidencial. ELKARLANEAN S.L. est\u00e1 comprometida con la privacidad y la protecci\u00f3n de los datos personales de los usuarios y utiliza todos los recursos a su alcance para garantizar la seguridad y privacidad de los interesados.<\/p>\n<p><strong>6.2. Recogida de datos de car\u00e1cter personal<\/strong><\/p>\n<p>ELKARLANEAN S.L. no requiere que proporcione datos de car\u00e1cter personal para acceder al sitio web, no obstante, existen algunos servicios (por ejemplo, una zona privada), cuyo acceso requiere que el usuario se registre previamente.<\/p>\n<p>El usuario aporta sus datos personales de forma libre y voluntaria. ELKARLANEAN S.L. no solicita m\u00e1s informaci\u00f3n personal que la que es necesaria para recibir el servicio solicitado. El usuario que env\u00ede informaci\u00f3n a trav\u00e9s de este sitio web declara y garantiza hacerlo de modo que se ajuste a las condiciones aqu\u00ed expresadas.<\/p>\n<p>El usuario es el \u00fanico responsable de la veracidad y correcci\u00f3n de los datos incluidos, exoner\u00e1ndose ELKARLANEAN S.L. de cualquier responsabilidad al respecto. Los usuarios garantizan y responden, en cualquier caso, de la exactitud, vigencia y autenticidad de los datos personales facilitados, y se comprometen a mantenerlos debidamente actualizados.<\/p>\n<p>El env\u00edo de informaci\u00f3n a trav\u00e9s de este sitio web conlleva necesariamente la autorizaci\u00f3n expresa para los tratamientos de datos descritos en esta pol\u00edtica de privacidad y en las condiciones generales del sitio web.<\/p>\n<p><strong>6.3. Derechos de los interesados<\/strong><\/p>\n<p>Puede ejercitar los derechos de acceso, rectificaci\u00f3n, cancelaci\u00f3n y oposici\u00f3n dirigi\u00e9ndose por escrito al Responsable del Fichero en la direcci\u00f3n indicada al comienzo de estas condiciones. La solicitud deber\u00e1 llevar adjunta copia de documento de acreditativo de la identidad del solicitante (DNI).<\/p>\n<p>En caso de realizar la solicitud en su condici\u00f3n de representante legal, deber\u00e1 adjuntar, adem\u00e1s de la fotocopia del Documento de Identidad, un documento acreditativo de tal representaci\u00f3n.<\/p>\n<p><strong>6.4. Medidas de seguridad<\/strong><\/p>\n<p>ELKARLANEAN S.L. tratar\u00e1 los datos de car\u00e1cter personal contenidos en sus ficheros adoptando las medidas de \u00edndole t\u00e9cnica y organizativa que sean necesarias para garantizar su seguridad y evitar su alteraci\u00f3n, p\u00e9rdida, tratamiento o acceso no autorizado, habida cuenta del estado de la tecnolog\u00eda, la naturaleza de los datos almacenados y los riesgos a que est\u00e1n expuestos, ya provengan de la acci\u00f3n humana o del medio f\u00edsico o natural, de acuerdo con la legislaci\u00f3n vigente que resulte de aplicaci\u00f3n en materia de medidas de seguridad de los ficheros que contengan datos de car\u00e1cter personal, particularmente por la LOPD y su normativa de desarrollo. Sin embargo, los usuarios son informados de que las medidas de seguridad inform\u00e1tica no son inexpugnables y no se est\u00e1 a salvo de posibles intromisiones ilegales e indebidas, que no ser\u00edan responsabilidad de ELKARLANEAN S.L.<\/p>\n<p><strong>6.5. Datos de Tr\u00e1fico<\/strong><\/p>\n<p>Con la finalidad de ofrecer un mejor servicio a trav\u00e9s de este sitio web, se puede registrar la direcci\u00f3n IP del usuario, permiti\u00e9ndose as\u00ed el posterior procesamiento de los datos con el fin de analizar entre otros el n\u00famero de p\u00e1ginas visitadas, el n\u00famero de visitas, as\u00ed como la actividad de los visitantes\/usuarios del sitio web, y su frecuencia de utilizaci\u00f3n.<\/p>\n<p>El Usuario da su consentimiento previo e informado al registro de su IP durante la conexi\u00f3n y navegaci\u00f3n en el sitio web, sin que sea necesario solicitarlo cada vez que acceda a este sitio web.<\/p>\n<p>Con la finalidad ya mencionada, este sitio est\u00e1 siendo medido y analizado con Google Analytics y\/o herramientas similares, que pueden utilizar marcas en las p\u00e1ginas y cookies para analizar lo que sucede en las diferentes p\u00e1ginas del sitio web de ELKARLANEAN S.L..<\/p>\n<p><strong>6.6. Vigencia<\/strong><\/p>\n<p>ELKARLANEAN S.L. se reserva el derecho de modificar su pol\u00edtica de privacidad de acuerdo a su criterio, a cambios legislativos o jurisprudenciales. Si ELKARLANEAN S.L. introdujera alguna modificaci\u00f3n, el nuevo texto ser\u00e1 publicado en este mismo sitio web, donde el usuario podr\u00e1 tener conocimiento de la misma. En cualquier caso, la relaci\u00f3n con los usuarios se regir\u00e1 por las normas previstas en el momento preciso en que se accede al sitio web. Es por ello que ELKARLANEAN S.L. le recomienda visitar esta pol\u00edtica de privacidad cada vez que se conecte al sitio web.<\/p>\n<p><strong>7. Jurisdicci\u00f3n<\/strong><\/p>\n<p>Las relaciones establecidas entre ELKARLANEAN S.L. y el usuario se regir\u00e1n por lo dispuesto en la normativa vigente acerca de la legislaci\u00f3n aplicable y la jurisdicci\u00f3n competente. No obstante, para los casos en los que la normativa prevea la posibilidad a las partes de someterse a un fuero, ELKARLANEAN S.L. y el usuario, con renuncia expresa a cualquier otro fuero que pudiera corresponderles, se someten a los Juzgados y Tribunales de Donostia \u2013 San Sebasti\u00e1n.<\/p>\n<p>ELKARLANEAN S.L. perseguir\u00e1 el incumplimiento de las anteriores condiciones as\u00ed como cualquier utilizaci\u00f3n indebida de los contenidos presentados en su sitio web ejerciendo todas las acciones civiles y penales que le puedan corresponder en derecho.<\/p>\n","protected":false},"excerpt":{"rendered":"<p>Informaci\u00f3n legal En cumplimiento de la Ley 34\/2002, de 11 de julio, de Servicios de la Sociedad de la Informaci\u00f3n y de Comercio Electr\u00f3nico, le informamos que el dominio de internet www.elkarhizkuntzak.eus es titularidad de ELKARLANEAN S.L., con CIF B-20606422, con domicilio en Portuetxe, 88 bis, 20018 Donostia (Gipuzkoa), tel\u00e9fono 943 310 267, correo electr\u00f3nico [&hellip;]<\/p>\n","protected":false},"author":4610,"featured_media":0,"parent":0,"menu_order":0,"comment_status":"closed","ping_status":"closed","template":"","meta":{"_acf_changed":false,"footnotes":""},"class_list":["post-2634","page","type-page","status-publish","hentry"],"acf":[],"aioseo_notices":[],"_links":{"self":[{"href":"https:\/\/elkarhizkuntzak.eus\/es\/wp-json\/wp\/v2\/pages\/2634","targetHints":{"allow":["GET"]}}],"collection":[{"href":"https:\/\/elkarhizkuntzak.eus\/es\/wp-json\/wp\/v2\/pages"}],"about":[{"href":"https:\/\/elkarhizkuntzak.eus\/es\/wp-json\/wp\/v2\/types\/page"}],"author":[{"embeddable":true,"href":"https:\/\/elkarhizkuntzak.eus\/es\/wp-json\/wp\/v2\/users\/4610"}],"replies":[{"embeddable":true,"href":"https:\/\/elkarhizkuntzak.eus\/es\/wp-json\/wp\/v2\/comments?post=2634"}],"version-history":[{"count":1,"href":"https:\/\/elkarhizkuntzak.eus\/es\/wp-json\/wp\/v2\/pages\/2634\/revisions"}],"predecessor-version":[{"id":2635,"href":"https:\/\/elkarhizkuntzak.eus\/es\/wp-json\/wp\/v2\/pages\/2634\/revisions\/2635"}],"wp:attachment":[{"href":"https:\/\/elkarhizkuntzak.eus\/es\/wp-json\/wp\/v2\/media?parent=2634"}],"curies":[{"name":"wp","href":"https:\/\/api.w.org\/{rel}","templated":true}]}}