{"id":2640,"date":"2015-10-05T08:18:55","date_gmt":"2015-10-05T07:18:55","guid":{"rendered":"https:\/\/www.elkarhizkuntzak.eus\/es\/?page_id=2640"},"modified":"2025-11-18T14:17:31","modified_gmt":"2025-11-18T13:17:31","slug":"cookie","status":"publish","type":"page","link":"https:\/\/elkarhizkuntzak.eus\/es\/cookie\/","title":{"rendered":"Pol\u00edtica de Cookies"},"content":{"rendered":"<p>Cookie es un fichero que se descarga en su ordenador al acceder a determinadas p\u00e1ginas web. Las cookies permiten a una p\u00e1gina web, entre otras cosas, almacenar y recuperar informaci\u00f3n sobre los h\u00e1bitos de navegaci\u00f3n de un usuario o de su equipo y, dependiendo de la informaci\u00f3n que contengan y de la forma en que utilice su equipo, pueden utilizarse para reconocer al usuario. El navegador del usuario memoriza cookies en el disco duro solamente durante la sesi\u00f3n actual ocupando un espacio de memoria m\u00ednimo y no perjudicando al ordenador. Las cookies no contienen ninguna clase de informaci\u00f3n personal espec\u00edfica, y la mayor\u00eda de las mismas se borran del disco duro al finalizar la sesi\u00f3n de navegador (las denominadas cookies de sesi\u00f3n).<\/p>\n<p>La mayor\u00eda de los navegadores aceptan como est\u00e1ndar a las cookies y, con independencia de las mismas, permiten o impiden en los ajustes de seguridad las cookies temporales o memorizadas.<\/p>\n<p><strong>Las cookies que utilizamos en nuestra web<\/strong><\/p>\n<p>Utilizamos estas cookies:<\/p>\n<p>[wcc_category_list]<\/p>\n<p style=\"margin-top: 20px;\"><strong>Aceptar la Pol\u00edtica de Cookies<\/strong><\/p>\n<p>Puedes cambiar tus preferencias de cookies en cualquier momento haciendo clic en el bot\u00f3n\u00a0<a id=\"aaKBPcZP\" class=\"wcc-preference-btn\" data-tag=\"preference-btn\"><\/a>Configuraci\u00f3n de cookies. Esto te permitir\u00e1 volver a visitar el banner de consentimiento de cookies y cambiar tus preferencias o retirar tu consentimiento de inmediato. Adem\u00e1s, los diferentes navegadores ofrecen diferentes m\u00e9todos para bloquear y eliminar las cookies utilizadas por los sitios web. Puedes cambiar la configuraci\u00f3n de tu navegador para bloquear\/ eliminar las cookies. A continuaci\u00f3n se enumeran los enlaces a los documentos de apoyo sobre c\u00f3mo gestionar y eliminar las cookies de los principales navegadores web.<\/p>\n<p>Chrome:\u00a0<a href=\"https:\/\/support.google.com\/accounts\/answer\/32050\" target=\"_blank\" rel=\"nofollow noopener\">https:\/\/support.google.com\/accounts\/answer\/32050<\/a><br \/>\nSafari: <a href=\"https:\/\/support.apple.com\/en-in\/guide\/safari\/sfri11471\/mac\" target=\"_blank\" rel=\"nofollow noopener\">https:\/\/support.apple.com\/en-in\/guide\/safari\/sfri11471\/mac<\/a><br \/>\nFirefox:\u00a0<a href=\"https:\/\/support.mozilla.org\/en-US\/kb\/clear-cookies-and-site-data-firefox?redirectslug=delete-cookies-remove-info-websites-stored&amp;redirectlocale=en-US\" target=\"_blank\" rel=\"nofollow noopener\">https:\/\/support.mozilla.org\/en-US\/kb\/clear-cookies-and-site-data-firefox?redirectslug=delete-cookies-remove-info-websites-stored&amp;redirectlocale=en-US<\/a><br \/>\nMicrosoft Edge:\u00a0<a href=\"https:\/\/support.microsoft.com\/en-us\/microsoft-edge\/delete-cookies-in-microsoft-edge-63947406-40ac-c3b8-57b9-2a946a29ae09\" target=\"_blank\" rel=\"nofollow noopener\">Delete cookies in Microsoft Edge &#8211; Microsoft Support<\/a><\/p>\n","protected":false},"excerpt":{"rendered":"<p>Cookie es un fichero que se descarga en su ordenador al acceder a determinadas p\u00e1ginas web. Las cookies permiten a una p\u00e1gina web, entre otras cosas, almacenar y recuperar informaci\u00f3n sobre los h\u00e1bitos de navegaci\u00f3n de un usuario o de su equipo y, dependiendo de la informaci\u00f3n que contengan y de la forma en que [&hellip;]<\/p>\n","protected":false},"author":4610,"featured_media":0,"parent":0,"menu_order":0,"comment_status":"closed","ping_status":"closed","template":"","meta":{"_acf_changed":false,"footnotes":""},"class_list":["post-2640","page","type-page","status-publish","hentry"],"acf":[],"aioseo_notices":[],"_links":{"self":[{"href":"https:\/\/elkarhizkuntzak.eus\/es\/wp-json\/wp\/v2\/pages\/2640","targetHints":{"allow":["GET"]}}],"collection":[{"href":"https:\/\/elkarhizkuntzak.eus\/es\/wp-json\/wp\/v2\/pages"}],"about":[{"href":"https:\/\/elkarhizkuntzak.eus\/es\/wp-json\/wp\/v2\/types\/page"}],"author":[{"embeddable":true,"href":"https:\/\/elkarhizkuntzak.eus\/es\/wp-json\/wp\/v2\/users\/4610"}],"replies":[{"embeddable":true,"href":"https:\/\/elkarhizkuntzak.eus\/es\/wp-json\/wp\/v2\/comments?post=2640"}],"version-history":[{"count":3,"href":"https:\/\/elkarhizkuntzak.eus\/es\/wp-json\/wp\/v2\/pages\/2640\/revisions"}],"predecessor-version":[{"id":10418,"href":"https:\/\/elkarhizkuntzak.eus\/es\/wp-json\/wp\/v2\/pages\/2640\/revisions\/10418"}],"wp:attachment":[{"href":"https:\/\/elkarhizkuntzak.eus\/es\/wp-json\/wp\/v2\/media?parent=2640"}],"curies":[{"name":"wp","href":"https:\/\/api.w.org\/{rel}","templated":true}]}}