{"id":2773,"date":"2015-11-25T09:01:57","date_gmt":"2015-11-25T08:01:57","guid":{"rendered":"https:\/\/www.elkarhizkuntzak.eus\/es\/?page_id=2773"},"modified":"2015-12-02T09:38:42","modified_gmt":"2015-12-02T08:38:42","slug":"que-es-arian","status":"publish","type":"page","link":"https:\/\/elkarhizkuntzak.eus\/es\/arian\/que-es-arian\/","title":{"rendered":"\u00bfQu\u00e9 es ARIAN?"},"content":{"rendered":"<div class=\"row est_arian\">\n<div class=\"col-md-12\">ARIAN es un m\u00e9todo dirigido a todas aquellas personas interesadas en el euskera de un modo autodidacta, pero tambi\u00e9n v\u00e1lido para el euskaltegi o la ense\u00f1anza reglada (ESO, Bachiller).<\/div>\n<\/div>\n<div class=\"row est_arian\">\n<div class=\"col-md-12\">Este m\u00e9todo est\u00e1 basado en un planteamiento comunicativo orientado a la acci\u00f3n. ARIAN propone actividades comunicativas en las que el alumno construye su propio aprendizaje por medio de la comprensi\u00f3n y del uso significativo de la lengua.<\/div>\n<div class=\"col-xs-12 col-md-12 arian_elementuak\">\n<h2>Elementos del m\u00e9todo ARIAN<\/h2>\n<\/div>\n<\/div>\n","protected":false},"excerpt":{"rendered":"<p>ARIAN es un m\u00e9todo dirigido a todas aquellas personas interesadas en el euskera de un modo autodidacta, pero tambi\u00e9n v\u00e1lido para el euskaltegi o la ense\u00f1anza reglada (ESO, Bachiller). Este m\u00e9todo est\u00e1 basado en un planteamiento comunicativo orientado a la acci\u00f3n. ARIAN propone actividades comunicativas en las que el alumno construye su propio aprendizaje por [&hellip;]<\/p>\n","protected":false},"author":4610,"featured_media":0,"parent":2763,"menu_order":0,"comment_status":"closed","ping_status":"closed","template":"template-arian-info.php","meta":{"_acf_changed":false,"footnotes":""},"class_list":["post-2773","page","type-page","status-publish","hentry"],"acf":[],"aioseo_notices":[],"_links":{"self":[{"href":"https:\/\/elkarhizkuntzak.eus\/es\/wp-json\/wp\/v2\/pages\/2773","targetHints":{"allow":["GET"]}}],"collection":[{"href":"https:\/\/elkarhizkuntzak.eus\/es\/wp-json\/wp\/v2\/pages"}],"about":[{"href":"https:\/\/elkarhizkuntzak.eus\/es\/wp-json\/wp\/v2\/types\/page"}],"author":[{"embeddable":true,"href":"https:\/\/elkarhizkuntzak.eus\/es\/wp-json\/wp\/v2\/users\/4610"}],"replies":[{"embeddable":true,"href":"https:\/\/elkarhizkuntzak.eus\/es\/wp-json\/wp\/v2\/comments?post=2773"}],"version-history":[{"count":14,"href":"https:\/\/elkarhizkuntzak.eus\/es\/wp-json\/wp\/v2\/pages\/2773\/revisions"}],"predecessor-version":[{"id":3059,"href":"https:\/\/elkarhizkuntzak.eus\/es\/wp-json\/wp\/v2\/pages\/2773\/revisions\/3059"}],"up":[{"embeddable":true,"href":"https:\/\/elkarhizkuntzak.eus\/es\/wp-json\/wp\/v2\/pages\/2763"}],"wp:attachment":[{"href":"https:\/\/elkarhizkuntzak.eus\/es\/wp-json\/wp\/v2\/media?parent=2773"}],"curies":[{"name":"wp","href":"https:\/\/api.w.org\/{rel}","templated":true}]}}