{"id":7744,"date":"2022-04-08T12:52:30","date_gmt":"2022-04-08T10:52:30","guid":{"rendered":"https:\/\/www.elkarhizkuntzak.eus\/banabil\/"},"modified":"2022-04-08T12:59:45","modified_gmt":"2022-04-08T10:59:45","slug":"banabil","status":"publish","type":"page","link":"https:\/\/elkarhizkuntzak.eus\/es\/banabil\/","title":{"rendered":"\u00bfQu\u00e9 es BANABIL?"},"content":{"rendered":"\n<p><strong><strong>BANABIL es un manual de euskera para j\u00f3venes basado en el enfoque por tareas<\/strong><\/strong><\/p>\n\n\n\n<ul class=\"wp-block-list\"><li><a><\/a> Dise\u00f1ado para sacar el m\u00e1ximo partido a la interacci\u00f3n en clase<\/li><li>Cada unidad propone diferentes miniproyectos y un proyecto final<\/li><li>Dispone de numerosos recursos de evaluaci\u00f3n tanto para el profesorado como para el alumnado<\/li><li>Ofrece una gran variedad de material complementario<\/li><li>Estructurado en nueve unidades para adaptarse al curso escolar<\/li><li>Tiene en cuenta las directrices del MCER y el curriculum HEOC<\/li><li>Versi\u00f3n digital y en papel<\/li><\/ul>\n","protected":false},"excerpt":{"rendered":"<p>BANABIL es un manual de euskera para j\u00f3venes basado en el enfoque por tareas Dise\u00f1ado para sacar el m\u00e1ximo partido a la interacci\u00f3n en clase Cada unidad propone diferentes miniproyectos y un proyecto final Dispone de numerosos recursos de evaluaci\u00f3n tanto para el profesorado como para el alumnado Ofrece una gran variedad de material complementario [&hellip;]<\/p>\n","protected":false},"author":4610,"featured_media":0,"parent":0,"menu_order":0,"comment_status":"closed","ping_status":"closed","template":"template-banabil-info.php","meta":{"_acf_changed":false,"footnotes":""},"class_list":["post-7744","page","type-page","status-publish","hentry"],"acf":[],"aioseo_notices":[],"_links":{"self":[{"href":"https:\/\/elkarhizkuntzak.eus\/es\/wp-json\/wp\/v2\/pages\/7744","targetHints":{"allow":["GET"]}}],"collection":[{"href":"https:\/\/elkarhizkuntzak.eus\/es\/wp-json\/wp\/v2\/pages"}],"about":[{"href":"https:\/\/elkarhizkuntzak.eus\/es\/wp-json\/wp\/v2\/types\/page"}],"author":[{"embeddable":true,"href":"https:\/\/elkarhizkuntzak.eus\/es\/wp-json\/wp\/v2\/users\/4610"}],"replies":[{"embeddable":true,"href":"https:\/\/elkarhizkuntzak.eus\/es\/wp-json\/wp\/v2\/comments?post=7744"}],"version-history":[{"count":1,"href":"https:\/\/elkarhizkuntzak.eus\/es\/wp-json\/wp\/v2\/pages\/7744\/revisions"}],"predecessor-version":[{"id":7746,"href":"https:\/\/elkarhizkuntzak.eus\/es\/wp-json\/wp\/v2\/pages\/7744\/revisions\/7746"}],"wp:attachment":[{"href":"https:\/\/elkarhizkuntzak.eus\/es\/wp-json\/wp\/v2\/media?parent=7744"}],"curies":[{"name":"wp","href":"https:\/\/api.w.org\/{rel}","templated":true}]}}