{"id":3763,"date":"2015-09-25T11:43:51","date_gmt":"2015-09-25T10:43:51","guid":{"rendered":"https:\/\/www.elkarhizkuntzak.eus\/es\/produktu\/bakarka-5-frantsesez\/"},"modified":"2025-10-28T09:04:48","modified_gmt":"2025-10-28T08:04:48","slug":"bakarka-5-frantsesez","status":"publish","type":"product","link":"https:\/\/elkarhizkuntzak.eus\/es\/producto\/bakarka-5-frantsesez\/","title":{"rendered":"Bakarka 5 frantsesez"},"content":{"rendered":"<p style=\"text-align: justify;\">Bakarka est une m\u00e9thode d\u2019apprentissage individuel de la langue basque \u201ceuskara\u201d. Chaque chapitre ou th\u00e8me offre en outre une th\u00e9orie \u00e9l\u00e9mentaire et progressive des expressions et structures \u00e0 m\u00e9moriser, des exercises et des lectures programm\u00e9es. Dans l\u00e1ppendice final, l\u2019etudiant pourra consulter le corrig\u00e9 des exercices.<\/p>\n","protected":false},"excerpt":{"rendered":"<p>Bakarka est une m\u00e9thode d\u2019apprentissage individuel de la langue basque \u201ceuskara\u201d. Chaque chapitre ou th\u00e8me offre en outre une th\u00e9orie \u00e9l\u00e9mentaire et progressive des expressions et structures \u00e0 m\u00e9moriser, des exercises et des lectures programm\u00e9es. Dans l\u00e1ppendice final, l\u2019etudiant pourra consulter le corrig\u00e9 des exercices.<\/p>\n","protected":false},"featured_media":3552,"comment_status":"closed","ping_status":"closed","template":"","meta":{"_acf_changed":false},"product_brand":[],"product_cat":[1073,1078],"product_tag":[1111,1118,1067],"class_list":{"0":"post-3763","1":"product","2":"type-product","3":"status-publish","4":"has-post-thumbnail","6":"product_cat-bakarka-metodoa","7":"product_cat-bakarka-5-es","8":"product_tag-bakarka-es","9":"product_tag-bakarka-5-es","10":"product_tag-metodoa-es","11":"product_shipping_class-1-es","13":"first","14":"instock","15":"purchasable","16":"product-type-simple"},"acf":[],"aioseo_notices":[],"_links":{"self":[{"href":"https:\/\/elkarhizkuntzak.eus\/es\/wp-json\/wp\/v2\/product\/3763","targetHints":{"allow":["GET"]}}],"collection":[{"href":"https:\/\/elkarhizkuntzak.eus\/es\/wp-json\/wp\/v2\/product"}],"about":[{"href":"https:\/\/elkarhizkuntzak.eus\/es\/wp-json\/wp\/v2\/types\/product"}],"replies":[{"embeddable":true,"href":"https:\/\/elkarhizkuntzak.eus\/es\/wp-json\/wp\/v2\/comments?post=3763"}],"wp:featuredmedia":[{"embeddable":true,"href":"https:\/\/elkarhizkuntzak.eus\/es\/wp-json\/wp\/v2\/media\/3552"}],"wp:attachment":[{"href":"https:\/\/elkarhizkuntzak.eus\/es\/wp-json\/wp\/v2\/media?parent=3763"}],"wp:term":[{"taxonomy":"product_brand","embeddable":true,"href":"https:\/\/elkarhizkuntzak.eus\/es\/wp-json\/wp\/v2\/product_brand?post=3763"},{"taxonomy":"product_cat","embeddable":true,"href":"https:\/\/elkarhizkuntzak.eus\/es\/wp-json\/wp\/v2\/product_cat?post=3763"},{"taxonomy":"product_tag","embeddable":true,"href":"https:\/\/elkarhizkuntzak.eus\/es\/wp-json\/wp\/v2\/product_tag?post=3763"}],"curies":[{"name":"wp","href":"https:\/\/api.w.org\/{rel}","templated":true}]}}