{"id":3818,"date":"2015-09-25T11:31:28","date_gmt":"2015-09-25T10:31:28","guid":{"rendered":"https:\/\/www.elkarhizkuntzak.eus\/es\/produktu\/arian-b1-1-lan-koadernoa\/"},"modified":"2025-10-28T09:06:01","modified_gmt":"2025-10-28T08:06:01","slug":"arian-b1-1-lan-koadernoa","status":"publish","type":"product","link":"https:\/\/elkarhizkuntzak.eus\/es\/producto\/arian-b1-1-lan-koadernoa\/","title":{"rendered":"ARIAN B1.1 Lan-koadernoa"},"content":{"rendered":"<p><em>Arian B1.1 \u2013 Cuaderno de ejercicios (+Soluciones de los ejercicios )<\/em><\/p>\n<p>El Cuaderno de ejercicios consta de cinco unidades que complementan las unidades del mismo nombre de el Libro del alumno. En cada una de ellas se explican los contenidos ling\u00fc\u00edsticos del libro del alumno, y se proponen ejercicios para practicarlos de forma sistem\u00e1tica e individual. Estos ejercicios est\u00e1n basados en situaciones y contextos del d\u00eda a d\u00eda.<br \/>\nLas instrucciones se dan en euskera pero los ejemplos de las explicaciones ling\u00fc\u00edsticas se dan en castellano para facilitar la comprensi\u00f3n del alumno autodidacta.<br \/>\nIncluye todas las soluciones de los ejercicios y las transcripciones de los archivos de audio del Cuaderno de ejercicios.<\/p>\n","protected":false},"excerpt":{"rendered":"<p>Arian B1.1 \u2013 Cuaderno de ejercicios (+Soluciones de los ejercicios ) El Cuaderno de ejercicios consta de cinco unidades que complementan las unidades del mismo nombre de el Libro del alumno. En cada una de ellas se explican los contenidos ling\u00fc\u00edsticos del libro del alumno, y se proponen ejercicios para practicarlos de forma sistem\u00e1tica e [&hellip;]<\/p>\n","protected":false},"featured_media":3661,"comment_status":"closed","ping_status":"closed","template":"","meta":{"_acf_changed":false},"product_brand":[],"product_cat":[1062,1070],"product_tag":[1091,1092,1169,1093,1170,1067],"class_list":{"0":"post-3818","1":"product","2":"type-product","3":"status-publish","4":"has-post-thumbnail","6":"product_cat-arian-es","7":"product_cat-b1-1-es","8":"product_tag-arian-es","9":"product_tag-b1-es","10":"product_tag-b1-lan-koadernoa-es","11":"product_tag-b1-1-es","12":"product_tag-lan-koadernoa-es","13":"product_tag-metodoa-es","14":"product_shipping_class-1-es","16":"first","17":"instock","18":"downloadable","19":"purchasable","20":"product-type-simple"},"acf":[],"aioseo_notices":[],"_links":{"self":[{"href":"https:\/\/elkarhizkuntzak.eus\/es\/wp-json\/wp\/v2\/product\/3818","targetHints":{"allow":["GET"]}}],"collection":[{"href":"https:\/\/elkarhizkuntzak.eus\/es\/wp-json\/wp\/v2\/product"}],"about":[{"href":"https:\/\/elkarhizkuntzak.eus\/es\/wp-json\/wp\/v2\/types\/product"}],"replies":[{"embeddable":true,"href":"https:\/\/elkarhizkuntzak.eus\/es\/wp-json\/wp\/v2\/comments?post=3818"}],"wp:featuredmedia":[{"embeddable":true,"href":"https:\/\/elkarhizkuntzak.eus\/es\/wp-json\/wp\/v2\/media\/3661"}],"wp:attachment":[{"href":"https:\/\/elkarhizkuntzak.eus\/es\/wp-json\/wp\/v2\/media?parent=3818"}],"wp:term":[{"taxonomy":"product_brand","embeddable":true,"href":"https:\/\/elkarhizkuntzak.eus\/es\/wp-json\/wp\/v2\/product_brand?post=3818"},{"taxonomy":"product_cat","embeddable":true,"href":"https:\/\/elkarhizkuntzak.eus\/es\/wp-json\/wp\/v2\/product_cat?post=3818"},{"taxonomy":"product_tag","embeddable":true,"href":"https:\/\/elkarhizkuntzak.eus\/es\/wp-json\/wp\/v2\/product_tag?post=3818"}],"curies":[{"name":"wp","href":"https:\/\/api.w.org\/{rel}","templated":true}]}}