{"id":3829,"date":"2015-09-25T11:31:28","date_gmt":"2015-09-25T10:31:28","guid":{"rendered":"https:\/\/www.elkarhizkuntzak.eus\/es\/produktu\/bakarka-2\/"},"modified":"2024-09-09T12:38:41","modified_gmt":"2024-09-09T10:38:41","slug":"bakarka-2","status":"publish","type":"product","link":"https:\/\/elkarhizkuntzak.eus\/es\/producto\/bakarka-2\/","title":{"rendered":"Bakarka 2"},"content":{"rendered":"<p style=\"text-align: justify;\">Bakarka es un m\u00e9todo de aprendizaje individual del euskera. Los tres primers libros son equiparables a los niveles A1 y A2 del Marco Com\u00fan Europeo de Referencia para las Lenguas, y los dos \u00faltimos a niveles superiores. Cada tema ofrece, adem\u00e1s de una teor\u00eda elemental y progresiva, modelos para ser memorizados, ejercicios y lecturas programadas. El m\u00e9todo se completa con un cuadernillo que recoge las soluciones de los ejercicios y un audio, donde vienen las grabaciones para que sean memorizadas a lo largo del aprendizaje progresivo de la lengua.<\/p>\n","protected":false},"excerpt":{"rendered":"<p>Bakarka es un m\u00e9todo de aprendizaje individual del euskera. Los tres primers libros son equiparables a los niveles A1 y A2 del Marco Com\u00fan Europeo de Referencia para las Lenguas, y los dos \u00faltimos a niveles superiores. Cada tema ofrece, adem\u00e1s de una teor\u00eda elemental y progresiva, modelos para ser memorizados, ejercicios y lecturas programadas. [&hellip;]<\/p>\n","protected":false},"featured_media":3704,"comment_status":"closed","ping_status":"closed","template":"","meta":{"_acf_changed":false},"product_brand":[],"product_cat":[1073,1075],"product_tag":[1111,1117,1067],"class_list":{"0":"post-3829","1":"product","2":"type-product","3":"status-publish","4":"has-post-thumbnail","6":"product_cat-bakarka-metodoa","7":"product_cat-bakarka-2-es","8":"product_tag-bakarka-es","9":"product_tag-bakarka-2-es","10":"product_tag-metodoa-es","11":"product_shipping_class-1-es","13":"first","14":"outofstock","15":"downloadable","16":"purchasable","17":"product-type-simple"},"acf":[],"aioseo_notices":[],"_links":{"self":[{"href":"https:\/\/elkarhizkuntzak.eus\/es\/wp-json\/wp\/v2\/product\/3829","targetHints":{"allow":["GET"]}}],"collection":[{"href":"https:\/\/elkarhizkuntzak.eus\/es\/wp-json\/wp\/v2\/product"}],"about":[{"href":"https:\/\/elkarhizkuntzak.eus\/es\/wp-json\/wp\/v2\/types\/product"}],"replies":[{"embeddable":true,"href":"https:\/\/elkarhizkuntzak.eus\/es\/wp-json\/wp\/v2\/comments?post=3829"}],"wp:featuredmedia":[{"embeddable":true,"href":"https:\/\/elkarhizkuntzak.eus\/es\/wp-json\/wp\/v2\/media\/3704"}],"wp:attachment":[{"href":"https:\/\/elkarhizkuntzak.eus\/es\/wp-json\/wp\/v2\/media?parent=3829"}],"wp:term":[{"taxonomy":"product_brand","embeddable":true,"href":"https:\/\/elkarhizkuntzak.eus\/es\/wp-json\/wp\/v2\/product_brand?post=3829"},{"taxonomy":"product_cat","embeddable":true,"href":"https:\/\/elkarhizkuntzak.eus\/es\/wp-json\/wp\/v2\/product_cat?post=3829"},{"taxonomy":"product_tag","embeddable":true,"href":"https:\/\/elkarhizkuntzak.eus\/es\/wp-json\/wp\/v2\/product_tag?post=3829"}],"curies":[{"name":"wp","href":"https:\/\/api.w.org\/{rel}","templated":true}]}}