{"id":3834,"date":"2015-09-25T11:31:28","date_gmt":"2015-09-25T10:31:28","guid":{"rendered":"https:\/\/www.elkarhizkuntzak.eus\/es\/produktu\/arian-a2-1-lan-koadernoa\/"},"modified":"2025-10-28T09:06:08","modified_gmt":"2025-10-28T08:06:08","slug":"arian-a2-1-lan-koadernoa","status":"publish","type":"product","link":"https:\/\/elkarhizkuntzak.eus\/es\/producto\/arian-a2-1-lan-koadernoa\/","title":{"rendered":"ARIAN A2.1 Lan-koadernoa"},"content":{"rendered":"<p><em>Arian A2.1 \u2013 Cuaderno de ejercicios (+Soluciones de los ejercicios )<\/em><\/p>\n<p>El Cuaderno de ejercicios consta de seis unidades que complementan las unidades del mismo nombre de el Libro del alumno. En cada una de ellas se explican los contenidos ling\u00fc\u00edsticos del libro del alumno, y se proponen ejercicios para practicarlos de forma sistem\u00e1tica e individual. Estos ejercicios est\u00e1n basados en situaciones y contextos del d\u00eda a d\u00eda.<br \/>\nLas <strong>explicaciones son en castellano<\/strong> para que el alumno pueda trabajar de forma aut\u00f3noma.<br \/>\nIncluye todas las soluciones de los ejercicios y las transcripciones de los archivos de audio del Cuaderno de ejercicios.<\/p>\n","protected":false},"excerpt":{"rendered":"<p>Arian A2.1 \u2013 Cuaderno de ejercicios (+Soluciones de los ejercicios ) El Cuaderno de ejercicios consta de seis unidades que complementan las unidades del mismo nombre de el Libro del alumno. En cada una de ellas se explican los contenidos ling\u00fc\u00edsticos del libro del alumno, y se proponen ejercicios para practicarlos de forma sistem\u00e1tica e [&hellip;]<\/p>\n","protected":false},"featured_media":3659,"comment_status":"closed","ping_status":"closed","template":"","meta":{"_acf_changed":false},"product_brand":[],"product_cat":[1062,1068],"product_tag":[1089,1171,1109,1091,1170,1067],"class_list":{"0":"post-3834","1":"product","2":"type-product","3":"status-publish","4":"has-post-thumbnail","6":"product_cat-arian-es","7":"product_cat-a2-1-es","8":"product_tag-a2-es","9":"product_tag-a2-lan-koadernoa-es","10":"product_tag-a2-1-es","11":"product_tag-arian-es","12":"product_tag-lan-koadernoa-es","13":"product_tag-metodoa-es","14":"product_shipping_class-1-es","16":"first","17":"instock","18":"downloadable","19":"purchasable","20":"product-type-simple"},"acf":[],"aioseo_notices":[],"_links":{"self":[{"href":"https:\/\/elkarhizkuntzak.eus\/es\/wp-json\/wp\/v2\/product\/3834","targetHints":{"allow":["GET"]}}],"collection":[{"href":"https:\/\/elkarhizkuntzak.eus\/es\/wp-json\/wp\/v2\/product"}],"about":[{"href":"https:\/\/elkarhizkuntzak.eus\/es\/wp-json\/wp\/v2\/types\/product"}],"replies":[{"embeddable":true,"href":"https:\/\/elkarhizkuntzak.eus\/es\/wp-json\/wp\/v2\/comments?post=3834"}],"wp:featuredmedia":[{"embeddable":true,"href":"https:\/\/elkarhizkuntzak.eus\/es\/wp-json\/wp\/v2\/media\/3659"}],"wp:attachment":[{"href":"https:\/\/elkarhizkuntzak.eus\/es\/wp-json\/wp\/v2\/media?parent=3834"}],"wp:term":[{"taxonomy":"product_brand","embeddable":true,"href":"https:\/\/elkarhizkuntzak.eus\/es\/wp-json\/wp\/v2\/product_brand?post=3834"},{"taxonomy":"product_cat","embeddable":true,"href":"https:\/\/elkarhizkuntzak.eus\/es\/wp-json\/wp\/v2\/product_cat?post=3834"},{"taxonomy":"product_tag","embeddable":true,"href":"https:\/\/elkarhizkuntzak.eus\/es\/wp-json\/wp\/v2\/product_tag?post=3834"}],"curies":[{"name":"wp","href":"https:\/\/api.w.org\/{rel}","templated":true}]}}