{"id":4227,"date":"2017-10-06T10:57:51","date_gmt":"2017-10-06T09:08:27","guid":{"rendered":"https:\/\/www.elkarhizkuntzak.eus\/?post_type=product&#038;p=4227\/"},"modified":"2026-03-24T04:06:44","modified_gmt":"2026-03-24T03:06:44","slug":"arian-b2-2-lan-koadernoa","status":"publish","type":"product","link":"https:\/\/elkarhizkuntzak.eus\/es\/producto\/arian-b2-2-lan-koadernoa\/","title":{"rendered":"ARIAN B2.2 LAN-KOADERNOA"},"content":{"rendered":"<p><strong>Arian B2.2 \u2013 CUADERNO DE EJERCICIOS (+Soluciones de ejercicios)<\/strong><\/p>\n<p>Arian B2.2 Lan-koadernoa contiene el taller de gram\u00e1tica.<\/p>\n<p>El nivel B2 de ARIAN est\u00e1 estructurado en cuatro talleres: los tres primeros integrados en el Libro del alumno, el taller de comprensi\u00f3n, el taller de interactividad y el taller de producci\u00f3n, y el cuarto, el taller de gram\u00e1tica en el Cuaderno del alumno.<\/p>\n<p>El taller de gram\u00e1tica complementa explicaciones te\u00f3ricas con ejercicios pr\u00e1cticos que se apoyan en los textos de los talleres del Libro del alumno del mismo nivel. Cada unidad se compone de cuatro secciones:<\/p>\n<ul>\n<li><strong>Testuak antolatzen<\/strong>: Trabaja los recursos ling\u00fc\u00edsticos para dar coherencia y cohesi\u00f3n a los textos.<\/li>\n<li><strong>Perpausak josten<\/strong>: Trabaja los recursos sint\u00e1cticos del alumno.<\/li>\n<li><strong>Hitzak dantzan<\/strong>: Trabaja los recursos l\u00e9xicos, los significados y funciones de las palabras dentro del texto.<\/li>\n<li><strong>Begia zorrotz<\/strong>: Pone el foco en la correcci\u00f3n de los textos, se trabaja la declinaci\u00f3n, el verbo, el vocabulario y la ortograf\u00eda.<\/li>\n<li><strong>Arian B2.1, LAN-KOADERNOA (+Erantzunak)<\/strong><\/li>\n<\/ul>\n","protected":false},"excerpt":{"rendered":"<p>Arian B2.2 \u2013 CUADERNO DE EJERCICIOS (+Soluciones de ejercicios) Arian B2.2 Lan-koadernoa contiene el taller de gram\u00e1tica. El nivel B2 de ARIAN est\u00e1 estructurado en cuatro talleres: los tres primeros integrados en el Libro del alumno, el taller de comprensi\u00f3n, el taller de interactividad y el taller de producci\u00f3n, y el cuarto, el taller de [&hellip;]<\/p>\n","protected":false},"featured_media":4214,"comment_status":"closed","ping_status":"closed","template":"","meta":{"_acf_changed":false},"product_brand":[],"product_cat":[1212],"product_tag":[1091,1274,1097,1214,1170],"class_list":{"0":"post-4227","1":"product","2":"type-product","3":"status-publish","4":"has-post-thumbnail","6":"product_cat-b2-2-es","7":"product_tag-arian-es","8":"product_tag-arian-metodoa-es","9":"product_tag-b2-es","10":"product_tag-b2-2-es","11":"product_tag-lan-koadernoa-es","13":"first","14":"instock","15":"shipping-taxable","16":"purchasable","17":"product-type-simple"},"acf":[],"aioseo_notices":[],"_links":{"self":[{"href":"https:\/\/elkarhizkuntzak.eus\/es\/wp-json\/wp\/v2\/product\/4227","targetHints":{"allow":["GET"]}}],"collection":[{"href":"https:\/\/elkarhizkuntzak.eus\/es\/wp-json\/wp\/v2\/product"}],"about":[{"href":"https:\/\/elkarhizkuntzak.eus\/es\/wp-json\/wp\/v2\/types\/product"}],"replies":[{"embeddable":true,"href":"https:\/\/elkarhizkuntzak.eus\/es\/wp-json\/wp\/v2\/comments?post=4227"}],"wp:featuredmedia":[{"embeddable":true,"href":"https:\/\/elkarhizkuntzak.eus\/es\/wp-json\/wp\/v2\/media\/4214"}],"wp:attachment":[{"href":"https:\/\/elkarhizkuntzak.eus\/es\/wp-json\/wp\/v2\/media?parent=4227"}],"wp:term":[{"taxonomy":"product_brand","embeddable":true,"href":"https:\/\/elkarhizkuntzak.eus\/es\/wp-json\/wp\/v2\/product_brand?post=4227"},{"taxonomy":"product_cat","embeddable":true,"href":"https:\/\/elkarhizkuntzak.eus\/es\/wp-json\/wp\/v2\/product_cat?post=4227"},{"taxonomy":"product_tag","embeddable":true,"href":"https:\/\/elkarhizkuntzak.eus\/es\/wp-json\/wp\/v2\/product_tag?post=4227"}],"curies":[{"name":"wp","href":"https:\/\/api.w.org\/{rel}","templated":true}]}}